{"id":12,"date":"2022-05-23T12:07:24","date_gmt":"2022-05-23T10:07:24","guid":{"rendered":"http:\/\/amicalel2b.fr\/?page_id=12"},"modified":"2024-08-02T11:03:41","modified_gmt":"2024-08-02T09:03:41","slug":"12-2","status":"publish","type":"page","link":"https:\/\/amicalel2b.fr\/","title":{"rendered":"Accueil"},"content":{"rendered":"\t\t<div data-elementor-type=\"wp-page\" data-elementor-id=\"12\" class=\"elementor elementor-12\" data-elementor-post-type=\"page\">\n\t\t\t\t\t\t<section class=\"elementor-section elementor-top-section elementor-element elementor-element-fffd30a elementor-section-full_width elementor-section-height-min-height elementor-section-items-bottom elementor-section-height-default\" data-id=\"fffd30a\" data-element_type=\"section\" data-e-type=\"section\" data-settings=\"{&quot;background_background&quot;:&quot;classic&quot;}\">\n\t\t\t\t\t\t<div class=\"elementor-container elementor-column-gap-no\">\n\t\t\t\t\t<div class=\"elementor-column elementor-col-100 elementor-top-column elementor-element elementor-element-8902975\" data-id=\"8902975\" data-element_type=\"column\" data-e-type=\"column\">\n\t\t\t<div class=\"elementor-widget-wrap\">\n\t\t\t\t\t\t\t<\/div>\n\t\t<\/div>\n\t\t\t\t\t<\/div>\n\t\t<\/section>\n\t\t\t\t<section class=\"elementor-section elementor-top-section elementor-element elementor-element-3d145e48 elementor-section-content-top elementor-section-full_width elementor-section-height-default elementor-section-height-default\" data-id=\"3d145e48\" data-element_type=\"section\" data-e-type=\"section\" data-settings=\"{&quot;background_background&quot;:&quot;classic&quot;}\">\n\t\t\t\t\t\t<div class=\"elementor-container elementor-column-gap-no\">\n\t\t\t\t\t<div class=\"elementor-column elementor-col-100 elementor-top-column elementor-element elementor-element-573bf288\" data-id=\"573bf288\" data-element_type=\"column\" data-e-type=\"column\" data-settings=\"{&quot;background_background&quot;:&quot;classic&quot;}\">\n\t\t\t<div class=\"elementor-widget-wrap elementor-element-populated\">\n\t\t\t\t\t\t<div class=\"elementor-element elementor-element-738674c7 elementor-widget elementor-widget-heading\" data-id=\"738674c7\" data-element_type=\"widget\" data-e-type=\"widget\" data-widget_type=\"heading.default\">\n\t\t\t\t<div class=\"elementor-widget-container\">\n\t\t\t\t\t<h2 class=\"elementor-heading-title elementor-size-default\">Nos derniers articles<\/h2>\t\t\t\t<\/div>\n\t\t\t\t<\/div>\n\t\t\t\t<div class=\"elementor-element elementor-element-59107b00 elementor-grid-3 elementor-grid-tablet-2 elementor-grid-mobile-1 elementor-posts--thumbnail-top elementor-card-shadow-yes elementor-posts__hover-gradient elementor-widget elementor-widget-posts\" data-id=\"59107b00\" data-element_type=\"widget\" data-e-type=\"widget\" data-settings=\"{&quot;cards_columns&quot;:&quot;3&quot;,&quot;cards_columns_tablet&quot;:&quot;2&quot;,&quot;cards_columns_mobile&quot;:&quot;1&quot;,&quot;cards_row_gap&quot;:{&quot;unit&quot;:&quot;px&quot;,&quot;size&quot;:35,&quot;sizes&quot;:[]},&quot;cards_row_gap_tablet&quot;:{&quot;unit&quot;:&quot;px&quot;,&quot;size&quot;:&quot;&quot;,&quot;sizes&quot;:[]},&quot;cards_row_gap_mobile&quot;:{&quot;unit&quot;:&quot;px&quot;,&quot;size&quot;:&quot;&quot;,&quot;sizes&quot;:[]}}\" data-widget_type=\"posts.cards\">\n\t\t\t\t<div class=\"elementor-widget-container\">\n\t\t\t\t\t\t\t<div class=\"elementor-posts-container elementor-posts elementor-posts--skin-cards elementor-grid\" role=\"list\">\n\t\t\t\t<article class=\"elementor-post elementor-grid-item post-3691 post type-post status-publish format-standard has-post-thumbnail hentry category-actualites-al2b category-evenements-ecole-quartier\" role=\"listitem\">\n\t\t\t<div class=\"elementor-post__card\">\n\t\t\t\t<a class=\"elementor-post__thumbnail__link\" href=\"https:\/\/amicalel2b.fr\/index.php\/2025\/09\/22\/bouge-ta-sante-2025\/\" tabindex=\"-1\" ><div class=\"elementor-post__thumbnail\"><img fetchpriority=\"high\" decoding=\"async\" width=\"169\" height=\"300\" src=\"https:\/\/amicalel2b.fr\/wp-content\/uploads\/2025\/06\/AL2B-Bougetasante25-1-169x300.jpg\" class=\"attachment-medium size-medium wp-image-3804\" alt=\"\" srcset=\"https:\/\/amicalel2b.fr\/wp-content\/uploads\/2025\/06\/AL2B-Bougetasante25-1-169x300.jpg 169w, https:\/\/amicalel2b.fr\/wp-content\/uploads\/2025\/06\/AL2B-Bougetasante25-1-576x1024.jpg 576w, https:\/\/amicalel2b.fr\/wp-content\/uploads\/2025\/06\/AL2B-Bougetasante25-1-768x1365.jpg 768w, https:\/\/amicalel2b.fr\/wp-content\/uploads\/2025\/06\/AL2B-Bougetasante25-1-864x1536.jpg 864w, https:\/\/amicalel2b.fr\/wp-content\/uploads\/2025\/06\/AL2B-Bougetasante25-1-1152x2048.jpg 1152w, https:\/\/amicalel2b.fr\/wp-content\/uploads\/2025\/06\/AL2B-Bougetasante25-1-scaled.jpg 1440w\" sizes=\"(max-width: 169px) 100vw, 169px\" \/><\/div><\/a>\n\t\t\t\t<div class=\"elementor-post__text\">\n\t\t\t\t<h3 class=\"elementor-post__title\">\n\t\t\t<a href=\"https:\/\/amicalel2b.fr\/index.php\/2025\/09\/22\/bouge-ta-sante-2025\/\" >\n\t\t\t\tBouge ta sant\u00e9 2025\t\t\t<\/a>\n\t\t<\/h3>\n\t\t\t\t<div class=\"elementor-post__excerpt\">\n\t\t\t\t\t<\/div>\n\t\t\t\t\t<div class=\"elementor-post__read-more-wrapper\">\n\t\t\n\t\t<a class=\"elementor-post__read-more\" href=\"https:\/\/amicalel2b.fr\/index.php\/2025\/09\/22\/bouge-ta-sante-2025\/\" aria-label=\"En savoir plus sur Bouge ta sant\u00e9 2025\" tabindex=\"-1\" >\n\t\t\tLire plus \u00bb\t\t<\/a>\n\n\t\t\t\t\t<\/div>\n\t\t\t\t<\/div>\n\t\t\t\t<div class=\"elementor-post__meta-data\">\n\t\t\t\t\t<span class=\"elementor-post-date\">\n\t\t\t22 septembre 2025\t\t<\/span>\n\t\t\t\t<\/div>\n\t\t\t\t\t<\/div>\n\t\t<\/article>\n\t\t\t\t<article class=\"elementor-post elementor-grid-item post-3681 post type-post status-publish format-standard has-post-thumbnail hentry category-actualites-al2b category-evenements-ecole-quartier category-sans-pied\" role=\"listitem\">\n\t\t\t<div class=\"elementor-post__card\">\n\t\t\t\t<a class=\"elementor-post__thumbnail__link\" href=\"https:\/\/amicalel2b.fr\/index.php\/2025\/06\/07\/fete-de-la-st-jean-6-juin-2025\/\" tabindex=\"-1\" ><div class=\"elementor-post__thumbnail\"><img decoding=\"async\" width=\"169\" height=\"300\" src=\"https:\/\/amicalel2b.fr\/wp-content\/uploads\/2025\/06\/AL2B-StJean25-2-169x300.jpg\" class=\"attachment-medium size-medium wp-image-3708\" alt=\"\" srcset=\"https:\/\/amicalel2b.fr\/wp-content\/uploads\/2025\/06\/AL2B-StJean25-2-169x300.jpg 169w, https:\/\/amicalel2b.fr\/wp-content\/uploads\/2025\/06\/AL2B-StJean25-2-576x1024.jpg 576w, https:\/\/amicalel2b.fr\/wp-content\/uploads\/2025\/06\/AL2B-StJean25-2-768x1365.jpg 768w, https:\/\/amicalel2b.fr\/wp-content\/uploads\/2025\/06\/AL2B-StJean25-2-864x1536.jpg 864w, https:\/\/amicalel2b.fr\/wp-content\/uploads\/2025\/06\/AL2B-StJean25-2-1152x2048.jpg 1152w, https:\/\/amicalel2b.fr\/wp-content\/uploads\/2025\/06\/AL2B-StJean25-2-scaled.jpg 1440w\" sizes=\"(max-width: 169px) 100vw, 169px\" \/><\/div><\/a>\n\t\t\t\t<div class=\"elementor-post__text\">\n\t\t\t\t<h3 class=\"elementor-post__title\">\n\t\t\t<a href=\"https:\/\/amicalel2b.fr\/index.php\/2025\/06\/07\/fete-de-la-st-jean-6-juin-2025\/\" >\n\t\t\t\tF\u00eate de la St Jean 6 juin 2025\t\t\t<\/a>\n\t\t<\/h3>\n\t\t\t\t<div class=\"elementor-post__excerpt\">\n\t\t\t\t\t<\/div>\n\t\t\t\t\t<div class=\"elementor-post__read-more-wrapper\">\n\t\t\n\t\t<a class=\"elementor-post__read-more\" href=\"https:\/\/amicalel2b.fr\/index.php\/2025\/06\/07\/fete-de-la-st-jean-6-juin-2025\/\" aria-label=\"En savoir plus sur F\u00eate de la St Jean 6 juin 2025\" tabindex=\"-1\" >\n\t\t\tLire plus \u00bb\t\t<\/a>\n\n\t\t\t\t\t<\/div>\n\t\t\t\t<\/div>\n\t\t\t\t<div class=\"elementor-post__meta-data\">\n\t\t\t\t\t<span class=\"elementor-post-date\">\n\t\t\t7 juin 2025\t\t<\/span>\n\t\t\t\t<\/div>\n\t\t\t\t\t<\/div>\n\t\t<\/article>\n\t\t\t\t<article class=\"elementor-post elementor-grid-item post-3653 post type-post status-publish format-standard has-post-thumbnail hentry category-actualites-al2b category-evenements-ecole-quartier category-sans-pied\" role=\"listitem\">\n\t\t\t<div class=\"elementor-post__card\">\n\t\t\t\t<a class=\"elementor-post__thumbnail__link\" href=\"https:\/\/amicalel2b.fr\/index.php\/2025\/05\/25\/70-ans-de-lal2b-et-de-lecole-de-la-benauge\/\" tabindex=\"-1\" ><div class=\"elementor-post__thumbnail\"><img decoding=\"async\" width=\"300\" height=\"225\" src=\"https:\/\/amicalel2b.fr\/wp-content\/uploads\/2025\/06\/AL2B-70-19-300x225.jpg\" class=\"attachment-medium size-medium wp-image-3738\" alt=\"\" srcset=\"https:\/\/amicalel2b.fr\/wp-content\/uploads\/2025\/06\/AL2B-70-19-300x225.jpg 300w, https:\/\/amicalel2b.fr\/wp-content\/uploads\/2025\/06\/AL2B-70-19-1024x768.jpg 1024w, https:\/\/amicalel2b.fr\/wp-content\/uploads\/2025\/06\/AL2B-70-19-768x576.jpg 768w, https:\/\/amicalel2b.fr\/wp-content\/uploads\/2025\/06\/AL2B-70-19-1536x1152.jpg 1536w, https:\/\/amicalel2b.fr\/wp-content\/uploads\/2025\/06\/AL2B-70-19.jpg 2048w\" sizes=\"(max-width: 300px) 100vw, 300px\" \/><\/div><\/a>\n\t\t\t\t<div class=\"elementor-post__text\">\n\t\t\t\t<h3 class=\"elementor-post__title\">\n\t\t\t<a href=\"https:\/\/amicalel2b.fr\/index.php\/2025\/05\/25\/70-ans-de-lal2b-et-de-lecole-de-la-benauge\/\" >\n\t\t\t\t70 ans de l&rsquo;AL2B et de l&rsquo;\u00e9cole de La Benauge\t\t\t<\/a>\n\t\t<\/h3>\n\t\t\t\t<div class=\"elementor-post__excerpt\">\n\t\t\t\t\t<\/div>\n\t\t\t\t\t<div class=\"elementor-post__read-more-wrapper\">\n\t\t\n\t\t<a class=\"elementor-post__read-more\" href=\"https:\/\/amicalel2b.fr\/index.php\/2025\/05\/25\/70-ans-de-lal2b-et-de-lecole-de-la-benauge\/\" aria-label=\"En savoir plus sur 70 ans de l&rsquo;AL2B et de l&rsquo;\u00e9cole de La Benauge\" tabindex=\"-1\" >\n\t\t\tLire plus \u00bb\t\t<\/a>\n\n\t\t\t\t\t<\/div>\n\t\t\t\t<\/div>\n\t\t\t\t<div class=\"elementor-post__meta-data\">\n\t\t\t\t\t<span class=\"elementor-post-date\">\n\t\t\t25 mai 2025\t\t<\/span>\n\t\t\t\t<\/div>\n\t\t\t\t\t<\/div>\n\t\t<\/article>\n\t\t\t\t<article class=\"elementor-post elementor-grid-item post-3643 post type-post status-publish format-standard has-post-thumbnail hentry category-actualites-al2b category-evenements-ecole-quartier category-parascolaire-parcours-de-soins category-ramassage-scolaire-celeste category-sans-pied\" role=\"listitem\">\n\t\t\t<div class=\"elementor-post__card\">\n\t\t\t\t<a class=\"elementor-post__thumbnail__link\" href=\"https:\/\/amicalel2b.fr\/index.php\/2025\/05\/06\/assemblee-generale-2025\/\" tabindex=\"-1\" ><div class=\"elementor-post__thumbnail\"><img loading=\"lazy\" decoding=\"async\" width=\"185\" height=\"300\" src=\"https:\/\/amicalel2b.fr\/wp-content\/uploads\/2025\/05\/AL2B-AG2025-e1746776921734-185x300.jpg\" class=\"attachment-medium size-medium wp-image-3647\" alt=\"\" srcset=\"https:\/\/amicalel2b.fr\/wp-content\/uploads\/2025\/05\/AL2B-AG2025-e1746776921734-185x300.jpg 185w, https:\/\/amicalel2b.fr\/wp-content\/uploads\/2025\/05\/AL2B-AG2025-e1746776921734-633x1024.jpg 633w, https:\/\/amicalel2b.fr\/wp-content\/uploads\/2025\/05\/AL2B-AG2025-e1746776921734-768x1242.jpg 768w, https:\/\/amicalel2b.fr\/wp-content\/uploads\/2025\/05\/AL2B-AG2025-e1746776921734-949x1536.jpg 949w, https:\/\/amicalel2b.fr\/wp-content\/uploads\/2025\/05\/AL2B-AG2025-e1746776921734.jpg 1125w\" sizes=\"(max-width: 185px) 100vw, 185px\" \/><\/div><\/a>\n\t\t\t\t<div class=\"elementor-post__text\">\n\t\t\t\t<h3 class=\"elementor-post__title\">\n\t\t\t<a href=\"https:\/\/amicalel2b.fr\/index.php\/2025\/05\/06\/assemblee-generale-2025\/\" >\n\t\t\t\tAssembl\u00e9e G\u00e9n\u00e9rale 2025\t\t\t<\/a>\n\t\t<\/h3>\n\t\t\t\t<div class=\"elementor-post__excerpt\">\n\t\t\t\t\t<\/div>\n\t\t\t\t\t<div class=\"elementor-post__read-more-wrapper\">\n\t\t\n\t\t<a class=\"elementor-post__read-more\" href=\"https:\/\/amicalel2b.fr\/index.php\/2025\/05\/06\/assemblee-generale-2025\/\" aria-label=\"En savoir plus sur Assembl\u00e9e G\u00e9n\u00e9rale 2025\" tabindex=\"-1\" >\n\t\t\tLire plus \u00bb\t\t<\/a>\n\n\t\t\t\t\t<\/div>\n\t\t\t\t<\/div>\n\t\t\t\t<div class=\"elementor-post__meta-data\">\n\t\t\t\t\t<span class=\"elementor-post-date\">\n\t\t\t6 mai 2025\t\t<\/span>\n\t\t\t\t<\/div>\n\t\t\t\t\t<\/div>\n\t\t<\/article>\n\t\t\t\t<article class=\"elementor-post elementor-grid-item post-3342 post type-post status-publish format-standard has-post-thumbnail hentry category-actualites-al2b category-evenements-ecole-quartier\" role=\"listitem\">\n\t\t\t<div class=\"elementor-post__card\">\n\t\t\t\t<a class=\"elementor-post__thumbnail__link\" href=\"https:\/\/amicalel2b.fr\/index.php\/2025\/03\/31\/preparation-des-70-ans-de-lecole-et-de-lal2b\/\" tabindex=\"-1\" ><div class=\"elementor-post__thumbnail\"><img loading=\"lazy\" decoding=\"async\" width=\"300\" height=\"215\" src=\"https:\/\/amicalel2b.fr\/wp-content\/uploads\/2025\/03\/AL2B-70-1950-Syvie-DROUET-2-1958-59-scaled-e1744703058901-300x215.jpg\" class=\"attachment-medium size-medium wp-image-3366\" alt=\"\" srcset=\"https:\/\/amicalel2b.fr\/wp-content\/uploads\/2025\/03\/AL2B-70-1950-Syvie-DROUET-2-1958-59-scaled-e1744703058901-300x215.jpg 300w, https:\/\/amicalel2b.fr\/wp-content\/uploads\/2025\/03\/AL2B-70-1950-Syvie-DROUET-2-1958-59-scaled-e1744703058901-1024x734.jpg 1024w, https:\/\/amicalel2b.fr\/wp-content\/uploads\/2025\/03\/AL2B-70-1950-Syvie-DROUET-2-1958-59-scaled-e1744703058901-768x551.jpg 768w, https:\/\/amicalel2b.fr\/wp-content\/uploads\/2025\/03\/AL2B-70-1950-Syvie-DROUET-2-1958-59-scaled-e1744703058901-1536x1101.jpg 1536w, https:\/\/amicalel2b.fr\/wp-content\/uploads\/2025\/03\/AL2B-70-1950-Syvie-DROUET-2-1958-59-scaled-e1744703058901-2048x1468.jpg 2048w\" sizes=\"(max-width: 300px) 100vw, 300px\" \/><\/div><\/a>\n\t\t\t\t<div class=\"elementor-post__text\">\n\t\t\t\t<h3 class=\"elementor-post__title\">\n\t\t\t<a href=\"https:\/\/amicalel2b.fr\/index.php\/2025\/03\/31\/preparation-des-70-ans-de-lecole-et-de-lal2b\/\" >\n\t\t\t\tPr\u00e9paration des 70 ans de l\u2019\u00e9cole et de l\u2019AL2B\t\t\t<\/a>\n\t\t<\/h3>\n\t\t\t\t<div class=\"elementor-post__excerpt\">\n\t\t\t\t\t<\/div>\n\t\t\t\t\t<div class=\"elementor-post__read-more-wrapper\">\n\t\t\n\t\t<a class=\"elementor-post__read-more\" href=\"https:\/\/amicalel2b.fr\/index.php\/2025\/03\/31\/preparation-des-70-ans-de-lecole-et-de-lal2b\/\" aria-label=\"En savoir plus sur Pr\u00e9paration des 70 ans de l\u2019\u00e9cole et de l\u2019AL2B\" tabindex=\"-1\" >\n\t\t\tLire plus \u00bb\t\t<\/a>\n\n\t\t\t\t\t<\/div>\n\t\t\t\t<\/div>\n\t\t\t\t<div class=\"elementor-post__meta-data\">\n\t\t\t\t\t<span class=\"elementor-post-date\">\n\t\t\t31 mars 2025\t\t<\/span>\n\t\t\t\t<\/div>\n\t\t\t\t\t<\/div>\n\t\t<\/article>\n\t\t\t\t<article class=\"elementor-post elementor-grid-item post-3338 post type-post status-publish format-standard has-post-thumbnail hentry category-actualites-al2b category-parascolaire-parcours-de-soins\" role=\"listitem\">\n\t\t\t<div class=\"elementor-post__card\">\n\t\t\t\t<a class=\"elementor-post__thumbnail__link\" href=\"https:\/\/amicalel2b.fr\/index.php\/2025\/03\/18\/parcours-de-soins-2000km-avec-cornelius-depuis-septembre\/\" tabindex=\"-1\" ><div class=\"elementor-post__thumbnail\"><img loading=\"lazy\" decoding=\"async\" width=\"225\" height=\"300\" src=\"https:\/\/amicalel2b.fr\/wp-content\/uploads\/2025\/04\/AL2B-Cornelius-1-225x300.jpg\" class=\"attachment-medium size-medium wp-image-3356\" alt=\"\" srcset=\"https:\/\/amicalel2b.fr\/wp-content\/uploads\/2025\/04\/AL2B-Cornelius-1-225x300.jpg 225w, https:\/\/amicalel2b.fr\/wp-content\/uploads\/2025\/04\/AL2B-Cornelius-1-768x1024.jpg 768w, https:\/\/amicalel2b.fr\/wp-content\/uploads\/2025\/04\/AL2B-Cornelius-1-1152x1536.jpg 1152w, https:\/\/amicalel2b.fr\/wp-content\/uploads\/2025\/04\/AL2B-Cornelius-1-1536x2048.jpg 1536w, https:\/\/amicalel2b.fr\/wp-content\/uploads\/2025\/04\/AL2B-Cornelius-1-scaled.jpg 1920w\" sizes=\"(max-width: 225px) 100vw, 225px\" \/><\/div><\/a>\n\t\t\t\t<div class=\"elementor-post__text\">\n\t\t\t\t<h3 class=\"elementor-post__title\">\n\t\t\t<a href=\"https:\/\/amicalel2b.fr\/index.php\/2025\/03\/18\/parcours-de-soins-2000km-avec-cornelius-depuis-septembre\/\" >\n\t\t\t\tParcours de soins : 2000Km avec Corn\u00e9lius depuis septembre !\t\t\t<\/a>\n\t\t<\/h3>\n\t\t\t\t<div class=\"elementor-post__excerpt\">\n\t\t\t\t\t<\/div>\n\t\t\t\t\t<div class=\"elementor-post__read-more-wrapper\">\n\t\t\n\t\t<a class=\"elementor-post__read-more\" href=\"https:\/\/amicalel2b.fr\/index.php\/2025\/03\/18\/parcours-de-soins-2000km-avec-cornelius-depuis-septembre\/\" aria-label=\"En savoir plus sur Parcours de soins : 2000Km avec Corn\u00e9lius depuis septembre !\" tabindex=\"-1\" >\n\t\t\tLire plus \u00bb\t\t<\/a>\n\n\t\t\t\t\t<\/div>\n\t\t\t\t<\/div>\n\t\t\t\t<div class=\"elementor-post__meta-data\">\n\t\t\t\t\t<span class=\"elementor-post-date\">\n\t\t\t18 mars 2025\t\t<\/span>\n\t\t\t\t<\/div>\n\t\t\t\t\t<\/div>\n\t\t<\/article>\n\t\t\t\t<\/div>\n\t\t\n\t\t\t\t\t\t<\/div>\n\t\t\t\t<\/div>\n\t\t\t\t\t<\/div>\n\t\t<\/div>\n\t\t\t\t\t<\/div>\n\t\t<\/section>\n\t\t\t\t<\/div>\n\t\t","protected":false},"excerpt":{"rendered":"<p>Nos derniers articles<\/p>\n","protected":false},"author":1,"featured_media":0,"parent":0,"menu_order":20,"comment_status":"closed","ping_status":"closed","template":"","meta":{"_acf_changed":false,"om_disable_all_campaigns":false,"_monsterinsights_skip_tracking":false,"_monsterinsights_sitenote_active":false,"_monsterinsights_sitenote_note":"","_monsterinsights_sitenote_category":0,"footnotes":""},"class_list":["post-12","page","type-page","status-publish","hentry"],"acf":[],"aioseo_notices":[],"_links":{"self":[{"href":"https:\/\/amicalel2b.fr\/index.php\/wp-json\/wp\/v2\/pages\/12","targetHints":{"allow":["GET"]}}],"collection":[{"href":"https:\/\/amicalel2b.fr\/index.php\/wp-json\/wp\/v2\/pages"}],"about":[{"href":"https:\/\/amicalel2b.fr\/index.php\/wp-json\/wp\/v2\/types\/page"}],"author":[{"embeddable":true,"href":"https:\/\/amicalel2b.fr\/index.php\/wp-json\/wp\/v2\/users\/1"}],"replies":[{"embeddable":true,"href":"https:\/\/amicalel2b.fr\/index.php\/wp-json\/wp\/v2\/comments?post=12"}],"version-history":[{"count":260,"href":"https:\/\/amicalel2b.fr\/index.php\/wp-json\/wp\/v2\/pages\/12\/revisions"}],"predecessor-version":[{"id":3101,"href":"https:\/\/amicalel2b.fr\/index.php\/wp-json\/wp\/v2\/pages\/12\/revisions\/3101"}],"wp:attachment":[{"href":"https:\/\/amicalel2b.fr\/index.php\/wp-json\/wp\/v2\/media?parent=12"}],"curies":[{"name":"wp","href":"https:\/\/api.w.org\/{rel}","templated":true}]}}