{"id":2417,"date":"2023-05-03T13:00:30","date_gmt":"2023-05-03T11:00:30","guid":{"rendered":"http:\/\/amicalel2b.fr\/?page_id=2417"},"modified":"2023-05-05T16:04:11","modified_gmt":"2023-05-05T14:04:11","slug":"cafe-des-parents-10-jours-sans-ecrans-2023","status":"publish","type":"page","link":"https:\/\/amicalel2b.fr\/index.php\/cafe-des-parents-10-jours-sans-ecrans-2023\/","title":{"rendered":"Caf\u00e9 des parents, 10 jours sans \u00e9crans 2023"},"content":{"rendered":"\t\t<div data-elementor-type=\"wp-page\" data-elementor-id=\"2417\" class=\"elementor elementor-2417\" data-elementor-post-type=\"page\">\n\t\t\t\t\t\t<section class=\"elementor-section elementor-top-section elementor-element elementor-element-663cb6fe elementor-section-boxed elementor-section-height-default elementor-section-height-default\" data-id=\"663cb6fe\" data-element_type=\"section\" data-e-type=\"section\">\n\t\t\t\t\t\t<div class=\"elementor-container elementor-column-gap-default\">\n\t\t\t\t\t<div class=\"elementor-column elementor-col-50 elementor-top-column elementor-element elementor-element-23fc9268\" data-id=\"23fc9268\" data-element_type=\"column\" data-e-type=\"column\">\n\t\t\t<div class=\"elementor-widget-wrap elementor-element-populated\">\n\t\t\t\t\t\t<div class=\"elementor-element elementor-element-364c272e elementor-widget elementor-widget-heading\" data-id=\"364c272e\" data-element_type=\"widget\" data-e-type=\"widget\" data-widget_type=\"heading.default\">\n\t\t\t\t<div class=\"elementor-widget-container\">\n\t\t\t\t\t<h2 class=\"elementor-heading-title elementor-size-default\">Caf\u00e9 des parents, 10 jours sans \u00e9crans 2023<\/h2>\t\t\t\t<\/div>\n\t\t\t\t<\/div>\n\t\t\t\t\t<\/div>\n\t\t<\/div>\n\t\t\t\t<div class=\"elementor-column elementor-col-50 elementor-top-column elementor-element elementor-element-62ed6a57\" data-id=\"62ed6a57\" data-element_type=\"column\" data-e-type=\"column\">\n\t\t\t<div class=\"elementor-widget-wrap elementor-element-populated\">\n\t\t\t\t\t\t<div class=\"elementor-element elementor-element-49138de elementor-align-center elementor-widget elementor-widget-button\" data-id=\"49138de\" data-element_type=\"widget\" data-e-type=\"widget\" data-widget_type=\"button.default\">\n\t\t\t\t<div class=\"elementor-widget-container\">\n\t\t\t\t\t\t\t\t\t<div class=\"elementor-button-wrapper\">\n\t\t\t\t\t<a class=\"elementor-button elementor-button-link elementor-size-sm\" href=\"https:\/\/amicalel2b.fr\/index.php\/2023\/05\/02\/cafe-des-parents-defi-10-jours-sans-ecrans-2023\/\">\n\t\t\t\t\t\t<span class=\"elementor-button-content-wrapper\">\n\t\t\t\t\t\t\t\t\t<span class=\"elementor-button-text\">Retour vers l'article<\/span>\n\t\t\t\t\t<\/span>\n\t\t\t\t\t<\/a>\n\t\t\t\t<\/div>\n\t\t\t\t\t\t\t\t<\/div>\n\t\t\t\t<\/div>\n\t\t\t\t\t<\/div>\n\t\t<\/div>\n\t\t\t\t\t<\/div>\n\t\t<\/section>\n\t\t\t\t<section class=\"elementor-section elementor-top-section elementor-element elementor-element-1ac6b3c elementor-section-boxed elementor-section-height-default elementor-section-height-default\" data-id=\"1ac6b3c\" data-element_type=\"section\" data-e-type=\"section\">\n\t\t\t\t\t\t<div class=\"elementor-container elementor-column-gap-default\">\n\t\t\t\t\t<div class=\"elementor-column elementor-col-50 elementor-top-column elementor-element elementor-element-407001f\" data-id=\"407001f\" data-element_type=\"column\" data-e-type=\"column\">\n\t\t\t<div class=\"elementor-widget-wrap elementor-element-populated\">\n\t\t\t\t\t\t<div class=\"elementor-element elementor-element-8df462b elementor-widget elementor-widget-button\" data-id=\"8df462b\" data-element_type=\"widget\" data-e-type=\"widget\" data-widget_type=\"button.default\">\n\t\t\t\t<div class=\"elementor-widget-container\">\n\t\t\t\t\t\t\t\t\t<div class=\"elementor-button-wrapper\">\n\t\t\t\t\t<a class=\"elementor-button elementor-button-link elementor-size-sm\" href=\"https:\/\/www.bordeaux.fr\/pgFicheOrga.psml?_nfpb=true&#038;_pageLabel=pgFicheOrga&#038;classofcontent=organisme&#038;id=2952\" target=\"_blank\">\n\t\t\t\t\t\t<span class=\"elementor-button-content-wrapper\">\n\t\t\t\t\t\t\t\t\t<span class=\"elementor-button-text\">Centre Medico Scolaire Bordeaux Bastide<\/span>\n\t\t\t\t\t<\/span>\n\t\t\t\t\t<\/a>\n\t\t\t\t<\/div>\n\t\t\t\t\t\t\t\t<\/div>\n\t\t\t\t<\/div>\n\t\t\t\t\t<\/div>\n\t\t<\/div>\n\t\t\t\t<div class=\"elementor-column elementor-col-50 elementor-top-column elementor-element elementor-element-8acf96b\" data-id=\"8acf96b\" data-element_type=\"column\" data-e-type=\"column\">\n\t\t\t<div class=\"elementor-widget-wrap elementor-element-populated\">\n\t\t\t\t\t\t<div class=\"elementor-element elementor-element-dc6c332 elementor-align-center elementor-widget elementor-widget-button\" data-id=\"dc6c332\" data-element_type=\"widget\" data-e-type=\"widget\" data-widget_type=\"button.default\">\n\t\t\t\t<div class=\"elementor-widget-container\">\n\t\t\t\t\t\t\t\t\t<div class=\"elementor-button-wrapper\">\n\t\t\t\t\t<a class=\"elementor-button elementor-button-link elementor-size-sm\" href=\"https:\/\/www.bordeaux.fr\/pgPresStand8.psml?_nfpb=true&#038;_pageLabel=pgPresStand8&#038;classofcontent=presentationStandard&#038;id=152867#recommandations\" target=\"_blank\">\n\t\t\t\t\t\t<span class=\"elementor-button-content-wrapper\">\n\t\t\t\t\t\t\t\t\t<span class=\"elementor-button-text\">10 jours sans \u00e9crans<\/span>\n\t\t\t\t\t<\/span>\n\t\t\t\t\t<\/a>\n\t\t\t\t<\/div>\n\t\t\t\t\t\t\t\t<\/div>\n\t\t\t\t<\/div>\n\t\t\t\t\t<\/div>\n\t\t<\/div>\n\t\t\t\t\t<\/div>\n\t\t<\/section>\n\t\t\t\t<section class=\"elementor-section elementor-top-section elementor-element elementor-element-c5fac6 elementor-section-boxed elementor-section-height-default elementor-section-height-default\" data-id=\"c5fac6\" data-element_type=\"section\" data-e-type=\"section\">\n\t\t\t\t\t\t<div class=\"elementor-container elementor-column-gap-default\">\n\t\t\t\t\t<div class=\"elementor-column elementor-col-100 elementor-top-column elementor-element elementor-element-700eea46\" data-id=\"700eea46\" data-element_type=\"column\" data-e-type=\"column\">\n\t\t\t<div class=\"elementor-widget-wrap elementor-element-populated\">\n\t\t\t\t\t\t<div class=\"elementor-element elementor-element-5ccd9c84 elementor-widget elementor-widget-gallery\" data-id=\"5ccd9c84\" data-element_type=\"widget\" data-e-type=\"widget\" data-settings=\"{&quot;lazyload&quot;:&quot;yes&quot;,&quot;gallery_layout&quot;:&quot;grid&quot;,&quot;columns&quot;:4,&quot;columns_tablet&quot;:2,&quot;columns_mobile&quot;:1,&quot;gap&quot;:{&quot;unit&quot;:&quot;px&quot;,&quot;size&quot;:10,&quot;sizes&quot;:[]},&quot;gap_tablet&quot;:{&quot;unit&quot;:&quot;px&quot;,&quot;size&quot;:10,&quot;sizes&quot;:[]},&quot;gap_mobile&quot;:{&quot;unit&quot;:&quot;px&quot;,&quot;size&quot;:10,&quot;sizes&quot;:[]},&quot;link_to&quot;:&quot;file&quot;,&quot;aspect_ratio&quot;:&quot;3:2&quot;,&quot;overlay_background&quot;:&quot;yes&quot;,&quot;content_hover_animation&quot;:&quot;fade-in&quot;}\" data-widget_type=\"gallery.default\">\n\t\t\t\t<div class=\"elementor-widget-container\">\n\t\t\t\t\t\t\t<div class=\"elementor-gallery__container\">\n\t\t\t\t\t\t\t<a class=\"e-gallery-item elementor-gallery-item elementor-animated-content\" href=\"https:\/\/amicalel2b.fr\/wp-content\/uploads\/2023\/05\/AL2B-Cafedesparents-4-scaled.jpg\" data-elementor-open-lightbox=\"yes\" data-elementor-lightbox-slideshow=\"5ccd9c84\" data-elementor-lightbox-title=\"AL2B-Cafe\u0301desparents-4\" data-e-action-hash=\"#elementor-action%3Aaction%3Dlightbox%26settings%3DeyJpZCI6MjM2OCwidXJsIjoiaHR0cHM6XC9cL2FtaWNhbGVsMmIuZnJcL3dwLWNvbnRlbnRcL3VwbG9hZHNcLzIwMjNcLzA1XC9BTDJCLUNhZmVkZXNwYXJlbnRzLTQtc2NhbGVkLmpwZyIsInNsaWRlc2hvdyI6IjVjY2Q5Yzg0In0%3D\">\n\t\t\t\t\t<div class=\"e-gallery-image elementor-gallery-item__image\" data-thumbnail=\"https:\/\/amicalel2b.fr\/wp-content\/uploads\/2023\/05\/AL2B-Cafedesparents-4-225x300.jpg\" data-width=\"225\" data-height=\"300\" aria-label=\"\" role=\"img\" ><\/div>\n\t\t\t\t\t\t\t\t\t\t\t<div class=\"elementor-gallery-item__overlay\"><\/div>\n\t\t\t\t\t\t\t\t\t\t\t\t\t\t<\/a>\n\t\t\t\t\t\t\t<a class=\"e-gallery-item elementor-gallery-item elementor-animated-content\" href=\"https:\/\/amicalel2b.fr\/wp-content\/uploads\/2023\/05\/AL2B-Cafedesparents-3-scaled.jpg\" data-elementor-open-lightbox=\"yes\" data-elementor-lightbox-slideshow=\"5ccd9c84\" data-elementor-lightbox-title=\"AL2B-Cafe\u0301desparents-3\" data-e-action-hash=\"#elementor-action%3Aaction%3Dlightbox%26settings%3DeyJpZCI6MjM2NywidXJsIjoiaHR0cHM6XC9cL2FtaWNhbGVsMmIuZnJcL3dwLWNvbnRlbnRcL3VwbG9hZHNcLzIwMjNcLzA1XC9BTDJCLUNhZmVkZXNwYXJlbnRzLTMtc2NhbGVkLmpwZyIsInNsaWRlc2hvdyI6IjVjY2Q5Yzg0In0%3D\">\n\t\t\t\t\t<div class=\"e-gallery-image elementor-gallery-item__image\" data-thumbnail=\"https:\/\/amicalel2b.fr\/wp-content\/uploads\/2023\/05\/AL2B-Cafedesparents-3-225x300.jpg\" data-width=\"225\" data-height=\"300\" aria-label=\"\" role=\"img\" ><\/div>\n\t\t\t\t\t\t\t\t\t\t\t<div class=\"elementor-gallery-item__overlay\"><\/div>\n\t\t\t\t\t\t\t\t\t\t\t\t\t\t<\/a>\n\t\t\t\t\t\t\t<a class=\"e-gallery-item elementor-gallery-item elementor-animated-content\" href=\"https:\/\/amicalel2b.fr\/wp-content\/uploads\/2023\/05\/AL2B-Cafedesparents-2-scaled.jpg\" data-elementor-open-lightbox=\"yes\" data-elementor-lightbox-slideshow=\"5ccd9c84\" data-elementor-lightbox-title=\"AL2B-Cafe\u0301desparents-2\" data-e-action-hash=\"#elementor-action%3Aaction%3Dlightbox%26settings%3DeyJpZCI6MjM2NiwidXJsIjoiaHR0cHM6XC9cL2FtaWNhbGVsMmIuZnJcL3dwLWNvbnRlbnRcL3VwbG9hZHNcLzIwMjNcLzA1XC9BTDJCLUNhZmVkZXNwYXJlbnRzLTItc2NhbGVkLmpwZyIsInNsaWRlc2hvdyI6IjVjY2Q5Yzg0In0%3D\">\n\t\t\t\t\t<div class=\"e-gallery-image elementor-gallery-item__image\" data-thumbnail=\"https:\/\/amicalel2b.fr\/wp-content\/uploads\/2023\/05\/AL2B-Cafedesparents-2-300x225.jpg\" data-width=\"300\" data-height=\"225\" aria-label=\"\" role=\"img\" ><\/div>\n\t\t\t\t\t\t\t\t\t\t\t<div class=\"elementor-gallery-item__overlay\"><\/div>\n\t\t\t\t\t\t\t\t\t\t\t\t\t\t<\/a>\n\t\t\t\t\t\t\t<a class=\"e-gallery-item elementor-gallery-item elementor-animated-content\" href=\"https:\/\/amicalel2b.fr\/wp-content\/uploads\/2023\/05\/AL2B-Cafedesparents-1-scaled.jpg\" data-elementor-open-lightbox=\"yes\" data-elementor-lightbox-slideshow=\"5ccd9c84\" data-elementor-lightbox-title=\"AL2B-Cafe\u0301desparents-1\" data-e-action-hash=\"#elementor-action%3Aaction%3Dlightbox%26settings%3DeyJpZCI6MjM2NSwidXJsIjoiaHR0cHM6XC9cL2FtaWNhbGVsMmIuZnJcL3dwLWNvbnRlbnRcL3VwbG9hZHNcLzIwMjNcLzA1XC9BTDJCLUNhZmVkZXNwYXJlbnRzLTEtc2NhbGVkLmpwZyIsInNsaWRlc2hvdyI6IjVjY2Q5Yzg0In0%3D\">\n\t\t\t\t\t<div class=\"e-gallery-image elementor-gallery-item__image\" data-thumbnail=\"https:\/\/amicalel2b.fr\/wp-content\/uploads\/2023\/05\/AL2B-Cafedesparents-1-300x225.jpg\" data-width=\"300\" data-height=\"225\" aria-label=\"\" role=\"img\" ><\/div>\n\t\t\t\t\t\t\t\t\t\t\t<div class=\"elementor-gallery-item__overlay\"><\/div>\n\t\t\t\t\t\t\t\t\t\t\t\t\t\t<\/a>\n\t\t\t\t\t\t\t<a class=\"e-gallery-item elementor-gallery-item elementor-animated-content\" href=\"https:\/\/amicalel2b.fr\/wp-content\/uploads\/2023\/05\/AL2B-Cafedesparents-5-scaled.jpg\" data-elementor-open-lightbox=\"yes\" data-elementor-lightbox-slideshow=\"5ccd9c84\" data-elementor-lightbox-title=\"AL2B-Cafe\u0301desparents-5\" data-e-action-hash=\"#elementor-action%3Aaction%3Dlightbox%26settings%3DeyJpZCI6MjQ1OSwidXJsIjoiaHR0cHM6XC9cL2FtaWNhbGVsMmIuZnJcL3dwLWNvbnRlbnRcL3VwbG9hZHNcLzIwMjNcLzA1XC9BTDJCLUNhZmVkZXNwYXJlbnRzLTUtc2NhbGVkLmpwZyIsInNsaWRlc2hvdyI6IjVjY2Q5Yzg0In0%3D\">\n\t\t\t\t\t<div class=\"e-gallery-image elementor-gallery-item__image\" data-thumbnail=\"https:\/\/amicalel2b.fr\/wp-content\/uploads\/2023\/05\/AL2B-Cafedesparents-5-300x225.jpg\" data-width=\"300\" data-height=\"225\" aria-label=\"\" role=\"img\" ><\/div>\n\t\t\t\t\t\t\t\t\t\t\t<div class=\"elementor-gallery-item__overlay\"><\/div>\n\t\t\t\t\t\t\t\t\t\t\t\t\t\t<\/a>\n\t\t\t\t\t\t\t<a class=\"e-gallery-item elementor-gallery-item elementor-animated-content\" href=\"https:\/\/amicalel2b.fr\/wp-content\/uploads\/2023\/05\/AL2B-Cafedesparents-6-scaled.jpg\" data-elementor-open-lightbox=\"yes\" data-elementor-lightbox-slideshow=\"5ccd9c84\" data-elementor-lightbox-title=\"AL2B-Cafe\u0301desparents-6\" data-e-action-hash=\"#elementor-action%3Aaction%3Dlightbox%26settings%3DeyJpZCI6MjQ2MCwidXJsIjoiaHR0cHM6XC9cL2FtaWNhbGVsMmIuZnJcL3dwLWNvbnRlbnRcL3VwbG9hZHNcLzIwMjNcLzA1XC9BTDJCLUNhZmVkZXNwYXJlbnRzLTYtc2NhbGVkLmpwZyIsInNsaWRlc2hvdyI6IjVjY2Q5Yzg0In0%3D\">\n\t\t\t\t\t<div class=\"e-gallery-image elementor-gallery-item__image\" data-thumbnail=\"https:\/\/amicalel2b.fr\/wp-content\/uploads\/2023\/05\/AL2B-Cafedesparents-6-300x225.jpg\" data-width=\"300\" data-height=\"225\" aria-label=\"\" role=\"img\" ><\/div>\n\t\t\t\t\t\t\t\t\t\t\t<div class=\"elementor-gallery-item__overlay\"><\/div>\n\t\t\t\t\t\t\t\t\t\t\t\t\t\t<\/a>\n\t\t\t\t\t\t\t<a class=\"e-gallery-item elementor-gallery-item elementor-animated-content\" href=\"https:\/\/amicalel2b.fr\/wp-content\/uploads\/2023\/05\/AL2B-Cafedesparents-7-scaled.jpg\" data-elementor-open-lightbox=\"yes\" data-elementor-lightbox-slideshow=\"5ccd9c84\" data-elementor-lightbox-title=\"AL2B-Cafe\u0301desparents-7\" data-e-action-hash=\"#elementor-action%3Aaction%3Dlightbox%26settings%3DeyJpZCI6MjQ2MSwidXJsIjoiaHR0cHM6XC9cL2FtaWNhbGVsMmIuZnJcL3dwLWNvbnRlbnRcL3VwbG9hZHNcLzIwMjNcLzA1XC9BTDJCLUNhZmVkZXNwYXJlbnRzLTctc2NhbGVkLmpwZyIsInNsaWRlc2hvdyI6IjVjY2Q5Yzg0In0%3D\">\n\t\t\t\t\t<div class=\"e-gallery-image elementor-gallery-item__image\" data-thumbnail=\"https:\/\/amicalel2b.fr\/wp-content\/uploads\/2023\/05\/AL2B-Cafedesparents-7-300x225.jpg\" data-width=\"300\" data-height=\"225\" aria-label=\"\" role=\"img\" ><\/div>\n\t\t\t\t\t\t\t\t\t\t\t<div class=\"elementor-gallery-item__overlay\"><\/div>\n\t\t\t\t\t\t\t\t\t\t\t\t\t\t<\/a>\n\t\t\t\t\t\t\t<a class=\"e-gallery-item elementor-gallery-item elementor-animated-content\" href=\"https:\/\/amicalel2b.fr\/wp-content\/uploads\/2023\/05\/AL2B-Cafedesparents-8-scaled.jpg\" data-elementor-open-lightbox=\"yes\" data-elementor-lightbox-slideshow=\"5ccd9c84\" data-elementor-lightbox-title=\"AL2B-Cafe\u0301desparents-8\" data-e-action-hash=\"#elementor-action%3Aaction%3Dlightbox%26settings%3DeyJpZCI6MjQ2MiwidXJsIjoiaHR0cHM6XC9cL2FtaWNhbGVsMmIuZnJcL3dwLWNvbnRlbnRcL3VwbG9hZHNcLzIwMjNcLzA1XC9BTDJCLUNhZmVkZXNwYXJlbnRzLTgtc2NhbGVkLmpwZyIsInNsaWRlc2hvdyI6IjVjY2Q5Yzg0In0%3D\">\n\t\t\t\t\t<div class=\"e-gallery-image elementor-gallery-item__image\" data-thumbnail=\"https:\/\/amicalel2b.fr\/wp-content\/uploads\/2023\/05\/AL2B-Cafedesparents-8-225x300.jpg\" data-width=\"225\" data-height=\"300\" aria-label=\"\" role=\"img\" ><\/div>\n\t\t\t\t\t\t\t\t\t\t\t<div class=\"elementor-gallery-item__overlay\"><\/div>\n\t\t\t\t\t\t\t\t\t\t\t\t\t\t<\/a>\n\t\t\t\t\t\t\t<a class=\"e-gallery-item elementor-gallery-item elementor-animated-content\" href=\"https:\/\/amicalel2b.fr\/wp-content\/uploads\/2023\/05\/AL2B-Cafedesparents-9-scaled.jpg\" data-elementor-open-lightbox=\"yes\" data-elementor-lightbox-slideshow=\"5ccd9c84\" data-elementor-lightbox-title=\"AL2B-Cafe\u0301desparents-9\" data-e-action-hash=\"#elementor-action%3Aaction%3Dlightbox%26settings%3DeyJpZCI6MjQ2MywidXJsIjoiaHR0cHM6XC9cL2FtaWNhbGVsMmIuZnJcL3dwLWNvbnRlbnRcL3VwbG9hZHNcLzIwMjNcLzA1XC9BTDJCLUNhZmVkZXNwYXJlbnRzLTktc2NhbGVkLmpwZyIsInNsaWRlc2hvdyI6IjVjY2Q5Yzg0In0%3D\">\n\t\t\t\t\t<div class=\"e-gallery-image elementor-gallery-item__image\" data-thumbnail=\"https:\/\/amicalel2b.fr\/wp-content\/uploads\/2023\/05\/AL2B-Cafedesparents-9-225x300.jpg\" data-width=\"225\" data-height=\"300\" aria-label=\"\" role=\"img\" ><\/div>\n\t\t\t\t\t\t\t\t\t\t\t<div class=\"elementor-gallery-item__overlay\"><\/div>\n\t\t\t\t\t\t\t\t\t\t\t\t\t\t<\/a>\n\t\t\t\t\t\t\t<a class=\"e-gallery-item elementor-gallery-item elementor-animated-content\" href=\"https:\/\/amicalel2b.fr\/wp-content\/uploads\/2023\/05\/AL2B-Cafedesparents-10-scaled.jpg\" data-elementor-open-lightbox=\"yes\" data-elementor-lightbox-slideshow=\"5ccd9c84\" data-elementor-lightbox-title=\"AL2B-Cafe\u0301desparents-10\" data-e-action-hash=\"#elementor-action%3Aaction%3Dlightbox%26settings%3DeyJpZCI6MjQ2NCwidXJsIjoiaHR0cHM6XC9cL2FtaWNhbGVsMmIuZnJcL3dwLWNvbnRlbnRcL3VwbG9hZHNcLzIwMjNcLzA1XC9BTDJCLUNhZmVkZXNwYXJlbnRzLTEwLXNjYWxlZC5qcGciLCJzbGlkZXNob3ciOiI1Y2NkOWM4NCJ9\">\n\t\t\t\t\t<div class=\"e-gallery-image elementor-gallery-item__image\" data-thumbnail=\"https:\/\/amicalel2b.fr\/wp-content\/uploads\/2023\/05\/AL2B-Cafedesparents-10-300x225.jpg\" data-width=\"300\" data-height=\"225\" aria-label=\"\" role=\"img\" ><\/div>\n\t\t\t\t\t\t\t\t\t\t\t<div class=\"elementor-gallery-item__overlay\"><\/div>\n\t\t\t\t\t\t\t\t\t\t\t\t\t\t<\/a>\n\t\t\t\t\t\t\t<a class=\"e-gallery-item elementor-gallery-item elementor-animated-content\" href=\"https:\/\/amicalel2b.fr\/wp-content\/uploads\/2023\/05\/AL2B-Cafedesparents-11-scaled.jpg\" data-elementor-open-lightbox=\"yes\" data-elementor-lightbox-slideshow=\"5ccd9c84\" data-elementor-lightbox-title=\"AL2B-Cafe\u0301desparents-11\" data-e-action-hash=\"#elementor-action%3Aaction%3Dlightbox%26settings%3DeyJpZCI6MjQ2NSwidXJsIjoiaHR0cHM6XC9cL2FtaWNhbGVsMmIuZnJcL3dwLWNvbnRlbnRcL3VwbG9hZHNcLzIwMjNcLzA1XC9BTDJCLUNhZmVkZXNwYXJlbnRzLTExLXNjYWxlZC5qcGciLCJzbGlkZXNob3ciOiI1Y2NkOWM4NCJ9\">\n\t\t\t\t\t<div class=\"e-gallery-image elementor-gallery-item__image\" data-thumbnail=\"https:\/\/amicalel2b.fr\/wp-content\/uploads\/2023\/05\/AL2B-Cafedesparents-11-300x225.jpg\" data-width=\"300\" data-height=\"225\" aria-label=\"\" role=\"img\" ><\/div>\n\t\t\t\t\t\t\t\t\t\t\t<div class=\"elementor-gallery-item__overlay\"><\/div>\n\t\t\t\t\t\t\t\t\t\t\t\t\t\t<\/a>\n\t\t\t\t\t<\/div>\n\t\t\t\t\t<\/div>\n\t\t\t\t<\/div>\n\t\t\t\t\t<\/div>\n\t\t<\/div>\n\t\t\t\t\t<\/div>\n\t\t<\/section>\n\t\t\t\t<section class=\"elementor-section elementor-top-section elementor-element elementor-element-524d0e2 elementor-section-boxed elementor-section-height-default elementor-section-height-default\" data-id=\"524d0e2\" data-element_type=\"section\" data-e-type=\"section\">\n\t\t\t\t\t\t<div class=\"elementor-container elementor-column-gap-default\">\n\t\t\t\t\t<div class=\"elementor-column elementor-col-100 elementor-top-column elementor-element elementor-element-173e133\" data-id=\"173e133\" data-element_type=\"column\" data-e-type=\"column\">\n\t\t\t<div class=\"elementor-widget-wrap\">\n\t\t\t\t\t\t\t<\/div>\n\t\t<\/div>\n\t\t\t\t\t<\/div>\n\t\t<\/section>\n\t\t\t\t<\/div>\n\t\t","protected":false},"excerpt":{"rendered":"<p>Caf\u00e9 des parents, 10 jours sans \u00e9crans 2023 Retour vers l&rsquo;article Centre Medico Scolaire Bordeaux Bastide 10 jours sans \u00e9crans<\/p>\n","protected":false},"author":1,"featured_media":0,"parent":0,"menu_order":0,"comment_status":"closed","ping_status":"closed","template":"elementor_header_footer","meta":{"_acf_changed":false,"om_disable_all_campaigns":false,"_monsterinsights_skip_tracking":false,"_monsterinsights_sitenote_active":false,"_monsterinsights_sitenote_note":"","_monsterinsights_sitenote_category":0,"footnotes":""},"class_list":["post-2417","page","type-page","status-publish","hentry"],"acf":[],"aioseo_notices":[],"_links":{"self":[{"href":"https:\/\/amicalel2b.fr\/index.php\/wp-json\/wp\/v2\/pages\/2417","targetHints":{"allow":["GET"]}}],"collection":[{"href":"https:\/\/amicalel2b.fr\/index.php\/wp-json\/wp\/v2\/pages"}],"about":[{"href":"https:\/\/amicalel2b.fr\/index.php\/wp-json\/wp\/v2\/types\/page"}],"author":[{"embeddable":true,"href":"https:\/\/amicalel2b.fr\/index.php\/wp-json\/wp\/v2\/users\/1"}],"replies":[{"embeddable":true,"href":"https:\/\/amicalel2b.fr\/index.php\/wp-json\/wp\/v2\/comments?post=2417"}],"version-history":[{"count":28,"href":"https:\/\/amicalel2b.fr\/index.php\/wp-json\/wp\/v2\/pages\/2417\/revisions"}],"predecessor-version":[{"id":2468,"href":"https:\/\/amicalel2b.fr\/index.php\/wp-json\/wp\/v2\/pages\/2417\/revisions\/2468"}],"wp:attachment":[{"href":"https:\/\/amicalel2b.fr\/index.php\/wp-json\/wp\/v2\/media?parent=2417"}],"curies":[{"name":"wp","href":"https:\/\/api.w.org\/{rel}","templated":true}]}}