{"id":2779,"date":"2024-02-01T08:05:55","date_gmt":"2024-02-01T07:05:55","guid":{"rendered":"https:\/\/amicalel2b.fr\/?page_id=2779"},"modified":"2024-02-01T08:06:40","modified_gmt":"2024-02-01T07:06:40","slug":"404-2","status":"publish","type":"page","link":"https:\/\/amicalel2b.fr\/index.php\/404-2\/","title":{"rendered":"404"},"content":{"rendered":"\t\t<div data-elementor-type=\"wp-page\" data-elementor-id=\"2779\" class=\"elementor elementor-2779\" data-elementor-post-type=\"page\">\n\t\t\t\t\t\t<section class=\"elementor-section elementor-top-section elementor-element elementor-element-0cfa22e elementor-section-boxed elementor-section-height-default elementor-section-height-default\" data-id=\"0cfa22e\" data-element_type=\"section\" data-e-type=\"section\">\n\t\t\t\t\t\t<div class=\"elementor-container elementor-column-gap-default\">\n\t\t\t\t\t<div class=\"elementor-column elementor-col-100 elementor-top-column elementor-element elementor-element-1bbf9b9\" data-id=\"1bbf9b9\" data-element_type=\"column\" data-e-type=\"column\">\n\t\t\t<div class=\"elementor-widget-wrap elementor-element-populated\">\n\t\t\t\t\t\t<div class=\"elementor-element elementor-element-b1a25a6 elementor-widget elementor-widget-heading\" data-id=\"b1a25a6\" data-element_type=\"widget\" data-e-type=\"widget\" data-widget_type=\"heading.default\">\n\t\t\t\t<div class=\"elementor-widget-container\">\n\t\t\t\t\t<h2 class=\"elementor-heading-title elementor-size-default\">Une erreur 404 c'est une page qui n'a pas \u00e9t\u00e9 trouv\u00e9e<\/h2>\t\t\t\t<\/div>\n\t\t\t\t<\/div>\n\t\t\t\t\t<\/div>\n\t\t<\/div>\n\t\t\t\t\t<\/div>\n\t\t<\/section>\n\t\t\t\t<\/div>\n\t\t","protected":false},"excerpt":{"rendered":"<p>Une erreur 404 c&rsquo;est une page qui n&rsquo;a pas \u00e9t\u00e9 trouv\u00e9e<\/p>\n","protected":false},"author":2,"featured_media":0,"parent":0,"menu_order":0,"comment_status":"closed","ping_status":"closed","template":"elementor_header_footer","meta":{"_acf_changed":false,"om_disable_all_campaigns":false,"_monsterinsights_skip_tracking":false,"_monsterinsights_sitenote_active":false,"_monsterinsights_sitenote_note":"","_monsterinsights_sitenote_category":0,"footnotes":""},"class_list":["post-2779","page","type-page","status-publish","hentry"],"acf":[],"aioseo_notices":[],"_links":{"self":[{"href":"https:\/\/amicalel2b.fr\/index.php\/wp-json\/wp\/v2\/pages\/2779","targetHints":{"allow":["GET"]}}],"collection":[{"href":"https:\/\/amicalel2b.fr\/index.php\/wp-json\/wp\/v2\/pages"}],"about":[{"href":"https:\/\/amicalel2b.fr\/index.php\/wp-json\/wp\/v2\/types\/page"}],"author":[{"embeddable":true,"href":"https:\/\/amicalel2b.fr\/index.php\/wp-json\/wp\/v2\/users\/2"}],"replies":[{"embeddable":true,"href":"https:\/\/amicalel2b.fr\/index.php\/wp-json\/wp\/v2\/comments?post=2779"}],"version-history":[{"count":5,"href":"https:\/\/amicalel2b.fr\/index.php\/wp-json\/wp\/v2\/pages\/2779\/revisions"}],"predecessor-version":[{"id":2784,"href":"https:\/\/amicalel2b.fr\/index.php\/wp-json\/wp\/v2\/pages\/2779\/revisions\/2784"}],"wp:attachment":[{"href":"https:\/\/amicalel2b.fr\/index.php\/wp-json\/wp\/v2\/media?parent=2779"}],"curies":[{"name":"wp","href":"https:\/\/api.w.org\/{rel}","templated":true}]}}