{"id":33,"date":"2022-05-24T16:45:08","date_gmt":"2022-05-24T14:45:08","guid":{"rendered":"http:\/\/amicalel2b.fr\/?page_id=33"},"modified":"2023-01-06T15:42:32","modified_gmt":"2023-01-06T14:42:32","slug":"historique","status":"publish","type":"page","link":"https:\/\/amicalel2b.fr\/index.php\/historique\/","title":{"rendered":"Historique"},"content":{"rendered":"\t\t<div data-elementor-type=\"wp-page\" data-elementor-id=\"33\" class=\"elementor elementor-33\" data-elementor-post-type=\"page\">\n\t\t\t\t\t\t<section class=\"elementor-section elementor-top-section elementor-element elementor-element-48e59f2 elementor-section-boxed elementor-section-height-default elementor-section-height-default\" data-id=\"48e59f2\" data-element_type=\"section\" data-e-type=\"section\">\n\t\t\t\t\t\t<div class=\"elementor-container elementor-column-gap-default\">\n\t\t\t\t\t<div class=\"elementor-column elementor-col-100 elementor-top-column elementor-element elementor-element-0f0bcd3\" data-id=\"0f0bcd3\" data-element_type=\"column\" data-e-type=\"column\">\n\t\t\t<div class=\"elementor-widget-wrap elementor-element-populated\">\n\t\t\t\t\t\t<div class=\"elementor-element elementor-element-c31e8f0 elementor-widget elementor-widget-heading\" data-id=\"c31e8f0\" data-element_type=\"widget\" data-e-type=\"widget\" data-widget_type=\"heading.default\">\n\t\t\t\t<div class=\"elementor-widget-container\">\n\t\t\t\t\t<h2 class=\"elementor-heading-title elementor-size-default\">Historique de l'Amicale La\u00efque Bordeaux Benauge<\/h2>\t\t\t\t<\/div>\n\t\t\t\t<\/div>\n\t\t\t\t\t<\/div>\n\t\t<\/div>\n\t\t\t\t\t<\/div>\n\t\t<\/section>\n\t\t\t\t<section class=\"elementor-section elementor-top-section elementor-element elementor-element-22c9335 elementor-section-full_width elementor-section-height-min-height elementor-section-items-top elementor-section-height-default\" data-id=\"22c9335\" data-element_type=\"section\" data-e-type=\"section\">\n\t\t\t\t\t\t<div class=\"elementor-container elementor-column-gap-default\">\n\t\t\t\t\t<div class=\"elementor-column elementor-col-100 elementor-top-column elementor-element elementor-element-4336acb\" data-id=\"4336acb\" data-element_type=\"column\" data-e-type=\"column\">\n\t\t\t<div class=\"elementor-widget-wrap elementor-element-populated\">\n\t\t\t\t\t\t<section class=\"elementor-section elementor-inner-section elementor-element elementor-element-dd272d9 elementor-section-boxed elementor-section-height-default elementor-section-height-default\" data-id=\"dd272d9\" data-element_type=\"section\" data-e-type=\"section\">\n\t\t\t\t\t\t<div class=\"elementor-container elementor-column-gap-default\">\n\t\t\t\t\t<div class=\"elementor-column elementor-col-100 elementor-inner-column elementor-element elementor-element-f5ddacf\" data-id=\"f5ddacf\" data-element_type=\"column\" data-e-type=\"column\">\n\t\t\t<div class=\"elementor-widget-wrap elementor-element-populated\">\n\t\t\t\t\t\t<div class=\"elementor-element elementor-element-058bd49 elementor-widget elementor-widget-text-editor\" data-id=\"058bd49\" data-element_type=\"widget\" data-e-type=\"widget\" data-widget_type=\"text-editor.default\">\n\t\t\t\t<div class=\"elementor-widget-container\">\n\t\t\t\t\t\t\t\t\t<p class=\"Standard\"><strong>Nous sommes tous des personnes qui s\u2019impliquent dans la vie de l\u2019\u00e9cole de la Benauge et du quartier, parents d\u2019\u00e9l\u00e8ves, \u00e9l\u00e8ves, enseigants, anciens parents ou \u00e9l\u00e8ves.<\/strong><b><\/b><\/p><p class=\"Standard\"><strong>L\u2019amicale Lai\u0308que Bordeaux Benauge, association des parents d\u2019e\u0301le\u0300ves de l\u2019e\u0301cole e\u0301le\u0301mentaire Benauge, existe depuis le 28 fe\u0301vrier 1955. Elle a \u00e9t\u00e9 cre\u0301e\u0301e presque en me\u0302me temps que l\u2019e\u0301cole.<\/strong><\/p><p class=\"Standard\">Dans la publication du Journal Officiel de l\u2019e\u0301poque, voici ce que l\u2019on peut lire concernant le but de l\u2019association :<\/p><ul><li class=\"Standard\">\u00a0Patronner les e\u0301le\u0300ves et anciens e\u0301le\u0300ves ;<\/li><li class=\"Standard\">\u00a0Associer les parents a\u0300 la vie scolaire ;<\/li><li class=\"Standard\">\u00a0Organiser ou favoriser toutes activite\u0301s e\u0301ducatives ;<\/li><li class=\"Standard\">\u00a0E\u0301tendre la culture populaire ;<\/li><li class=\"Standard\">\u00a0Concourir au bien-e\u0302tre et a\u0300 l\u2019e\u0301ducation physique et intellectuelle de ses adhe\u0301rents ;<\/li><\/ul><ul><li class=\"Standard\">\u00a0Documenter les parents sur les questions pouvant concerner l\u2019avenir des enfants ;<\/li><\/ul><ul><li class=\"Standard\">\u00a0Assurer la repre\u0301sentation des familles aupre\u0300s des pouvoirs publics.<\/li><\/ul><p>\u00a0<\/p><p>\u00a0<\/p><p class=\"Standard\">Mis a\u0300 jour en 1993, cela donne :<\/p><ul><li class=\"Standard\">\u00a0Cre\u0301er entre les parents des e\u0301le\u0300ves, les mai\u0302tres, les amis de l\u2019e\u0301cole, les e\u0301le\u0300ves et anciens e\u0301le\u0300ves du groupe scolaire de la Cite\u0301 de la Benauge, une atmosphe\u0300re de confiante coope\u0301ration.<\/li><li class=\"Standard\">\u00a0Organiser ou favoriser toutes activite\u0301s ayant pour but de concourir a\u0300 la sante\u0301, au bien-e\u0302tre, a\u0300 l\u2019e\u0301ducation physique, intellectuelle, artistique et morale des e\u0301le\u0300ves et anciens e\u0301le\u0300ves, et d\u2019e\u0301tendre la culture populaire.<\/li><li class=\"Standard\">\u00a0De faire be\u0301ne\u0301ficier, en cas de besoin, les e\u0301le\u0300ves du concours de sa solidarite\u0301 active.<\/li><li class=\"Standard\">\u00a0Seconder le personnel enseignant dans son action (sans cependant intervenir dans le domaine pe\u0301dagogique).<\/li><li class=\"Standard\">\u00a0Contribuer au rayonnement de l\u2019e\u0301cole lai\u0308que.<\/li><\/ul>\t\t\t\t\t\t\t\t<\/div>\n\t\t\t\t<\/div>\n\t\t\t\t\t<\/div>\n\t\t<\/div>\n\t\t\t\t\t<\/div>\n\t\t<\/section>\n\t\t\t\t\t<\/div>\n\t\t<\/div>\n\t\t\t\t\t<\/div>\n\t\t<\/section>\n\t\t\t\t<\/div>\n\t\t","protected":false},"excerpt":{"rendered":"<p>Historique de l&rsquo;Amicale La\u00efque Bordeaux Benauge Nous sommes tous des personnes qui s\u2019impliquent dans la vie de l\u2019\u00e9cole de la Benauge et du quartier, parents d\u2019\u00e9l\u00e8ves, \u00e9l\u00e8ves, enseigants, anciens parents ou \u00e9l\u00e8ves. L\u2019amicale Lai\u0308que Bordeaux Benauge, association des parents d\u2019e\u0301le\u0300ves de l\u2019e\u0301cole e\u0301le\u0301mentaire Benauge, existe depuis le 28 fe\u0301vrier 1955. Elle a \u00e9t\u00e9 cre\u0301e\u0301e presque [&hellip;]<\/p>\n","protected":false},"author":1,"featured_media":0,"parent":0,"menu_order":18,"comment_status":"closed","ping_status":"closed","template":"elementor_header_footer","meta":{"_acf_changed":false,"om_disable_all_campaigns":false,"_monsterinsights_skip_tracking":false,"_monsterinsights_sitenote_active":false,"_monsterinsights_sitenote_note":"","_monsterinsights_sitenote_category":0,"footnotes":""},"class_list":["post-33","page","type-page","status-publish","hentry"],"acf":[],"aioseo_notices":[],"_links":{"self":[{"href":"https:\/\/amicalel2b.fr\/index.php\/wp-json\/wp\/v2\/pages\/33","targetHints":{"allow":["GET"]}}],"collection":[{"href":"https:\/\/amicalel2b.fr\/index.php\/wp-json\/wp\/v2\/pages"}],"about":[{"href":"https:\/\/amicalel2b.fr\/index.php\/wp-json\/wp\/v2\/types\/page"}],"author":[{"embeddable":true,"href":"https:\/\/amicalel2b.fr\/index.php\/wp-json\/wp\/v2\/users\/1"}],"replies":[{"embeddable":true,"href":"https:\/\/amicalel2b.fr\/index.php\/wp-json\/wp\/v2\/comments?post=33"}],"version-history":[{"count":41,"href":"https:\/\/amicalel2b.fr\/index.php\/wp-json\/wp\/v2\/pages\/33\/revisions"}],"predecessor-version":[{"id":1846,"href":"https:\/\/amicalel2b.fr\/index.php\/wp-json\/wp\/v2\/pages\/33\/revisions\/1846"}],"wp:attachment":[{"href":"https:\/\/amicalel2b.fr\/index.php\/wp-json\/wp\/v2\/media?parent=33"}],"curies":[{"name":"wp","href":"https:\/\/api.w.org\/{rel}","templated":true}]}}