{"id":39,"date":"2022-05-24T16:48:25","date_gmt":"2022-05-24T14:48:25","guid":{"rendered":"http:\/\/amicalel2b.fr\/?page_id=39"},"modified":"2023-02-01T09:02:11","modified_gmt":"2023-02-01T08:02:11","slug":"evenements-ecole-quartier","status":"publish","type":"page","link":"https:\/\/amicalel2b.fr\/index.php\/evenements-ecole-quartier\/","title":{"rendered":"\u00c9v\u00e8nements \u00e9cole &#038; quartier"},"content":{"rendered":"\t\t<div data-elementor-type=\"wp-page\" data-elementor-id=\"39\" class=\"elementor elementor-39\" data-elementor-post-type=\"page\">\n\t\t\t\t\t\t<section class=\"elementor-section elementor-top-section elementor-element elementor-element-6831f85 elementor-section-boxed elementor-section-height-default elementor-section-height-default\" data-id=\"6831f85\" data-element_type=\"section\" data-e-type=\"section\">\n\t\t\t\t\t\t<div class=\"elementor-container elementor-column-gap-default\">\n\t\t\t\t\t<div class=\"elementor-column elementor-col-100 elementor-top-column elementor-element elementor-element-f85134f\" data-id=\"f85134f\" data-element_type=\"column\" data-e-type=\"column\">\n\t\t\t<div class=\"elementor-widget-wrap elementor-element-populated\">\n\t\t\t\t\t\t<div class=\"elementor-element elementor-element-8da6dce elementor-widget elementor-widget-heading\" data-id=\"8da6dce\" data-element_type=\"widget\" data-e-type=\"widget\" data-widget_type=\"heading.default\">\n\t\t\t\t<div class=\"elementor-widget-container\">\n\t\t\t\t\t<h1 class=\"elementor-heading-title elementor-size-default\">AL2B \u00c9v\u00e8nement \u00e9cole et quartier<\/h1>\t\t\t\t<\/div>\n\t\t\t\t<\/div>\n\t\t\t\t\t<\/div>\n\t\t<\/div>\n\t\t\t\t\t<\/div>\n\t\t<\/section>\n\t\t\t\t<section class=\"elementor-section elementor-top-section elementor-element elementor-element-94054db elementor-section-boxed elementor-section-height-default elementor-section-height-default\" data-id=\"94054db\" data-element_type=\"section\" data-e-type=\"section\">\n\t\t\t\t\t\t<div class=\"elementor-container elementor-column-gap-default\">\n\t\t\t\t\t<div class=\"elementor-column elementor-col-50 elementor-top-column elementor-element elementor-element-03842e9\" data-id=\"03842e9\" data-element_type=\"column\" data-e-type=\"column\">\n\t\t\t<div class=\"elementor-widget-wrap elementor-element-populated\">\n\t\t\t\t\t\t<div class=\"elementor-element elementor-element-2bc037f5 elementor-align-center elementor-widget elementor-widget-button\" data-id=\"2bc037f5\" data-element_type=\"widget\" data-e-type=\"widget\" data-widget_type=\"button.default\">\n\t\t\t\t<div class=\"elementor-widget-container\">\n\t\t\t\t\t\t\t\t\t<div class=\"elementor-button-wrapper\">\n\t\t\t\t\t<a class=\"elementor-button elementor-button-link elementor-size-sm\" href=\"https:\/\/amicalel2b.fr\/index.php\/activite\/\">\n\t\t\t\t\t\t<span class=\"elementor-button-content-wrapper\">\n\t\t\t\t\t\t<span class=\"elementor-button-icon\">\n\t\t\t\t<i aria-hidden=\"true\" class=\"fas fa-archive\"><\/i>\t\t\t<\/span>\n\t\t\t\t\t\t\t\t\t<span class=\"elementor-button-text\">Retour vers Activit\u00e9s<\/span>\n\t\t\t\t\t<\/span>\n\t\t\t\t\t<\/a>\n\t\t\t\t<\/div>\n\t\t\t\t\t\t\t\t<\/div>\n\t\t\t\t<\/div>\n\t\t\t\t\t<\/div>\n\t\t<\/div>\n\t\t\t\t<div class=\"elementor-column elementor-col-50 elementor-top-column elementor-element elementor-element-7c3e270\" data-id=\"7c3e270\" data-element_type=\"column\" data-e-type=\"column\">\n\t\t\t<div class=\"elementor-widget-wrap elementor-element-populated\">\n\t\t\t\t\t\t<div class=\"elementor-element elementor-element-4044c15d elementor-align-center elementor-widget elementor-widget-button\" data-id=\"4044c15d\" data-element_type=\"widget\" data-e-type=\"widget\" data-widget_type=\"button.default\">\n\t\t\t\t<div class=\"elementor-widget-container\">\n\t\t\t\t\t\t\t\t\t<div class=\"elementor-button-wrapper\">\n\t\t\t\t\t<a class=\"elementor-button elementor-button-link elementor-size-sm\" href=\"https:\/\/amicalel2b.fr\/index.php\/celeste\/\">\n\t\t\t\t\t\t<span class=\"elementor-button-content-wrapper\">\n\t\t\t\t\t\t<span class=\"elementor-button-icon\">\n\t\t\t\t<i aria-hidden=\"true\" class=\"fas fa-archive\"><\/i>\t\t\t<\/span>\n\t\t\t\t\t\t\t\t\t<span class=\"elementor-button-text\">Ramassage scolaire C\u00e9leste<\/span>\n\t\t\t\t\t<\/span>\n\t\t\t\t\t<\/a>\n\t\t\t\t<\/div>\n\t\t\t\t\t\t\t\t<\/div>\n\t\t\t\t<\/div>\n\t\t\t\t\t<\/div>\n\t\t<\/div>\n\t\t\t\t\t<\/div>\n\t\t<\/section>\n\t\t\t\t<section class=\"elementor-section elementor-top-section elementor-element elementor-element-82306cd elementor-section-boxed elementor-section-height-default elementor-section-height-default\" data-id=\"82306cd\" data-element_type=\"section\" data-e-type=\"section\">\n\t\t\t\t\t\t<div class=\"elementor-container elementor-column-gap-default\">\n\t\t\t\t\t<div class=\"elementor-column elementor-col-100 elementor-top-column elementor-element elementor-element-be9fb4b\" data-id=\"be9fb4b\" data-element_type=\"column\" data-e-type=\"column\">\n\t\t\t<div class=\"elementor-widget-wrap elementor-element-populated\">\n\t\t\t\t\t\t<div class=\"elementor-element elementor-element-45c2709 elementor-arrows-position-outside elementor-pagination-position-outside elementor-widget elementor-widget-image-carousel\" data-id=\"45c2709\" data-element_type=\"widget\" data-e-type=\"widget\" data-settings=\"{&quot;slides_to_show&quot;:&quot;3&quot;,&quot;slides_to_scroll&quot;:&quot;3&quot;,&quot;navigation&quot;:&quot;both&quot;,&quot;autoplay&quot;:&quot;yes&quot;,&quot;pause_on_hover&quot;:&quot;yes&quot;,&quot;pause_on_interaction&quot;:&quot;yes&quot;,&quot;autoplay_speed&quot;:5000,&quot;infinite&quot;:&quot;yes&quot;,&quot;speed&quot;:500}\" data-widget_type=\"image-carousel.default\">\n\t\t\t\t<div class=\"elementor-widget-container\">\n\t\t\t\t\t\t\t<div class=\"elementor-image-carousel-wrapper swiper\" role=\"region\" aria-roledescription=\"carousel\" aria-label=\"Carrousel d\u2019images\" dir=\"ltr\">\n\t\t\t<div class=\"elementor-image-carousel swiper-wrapper\" aria-live=\"off\">\n\t\t\t\t\t\t\t\t<div class=\"swiper-slide\" role=\"group\" aria-roledescription=\"slide\" aria-label=\"1 sur 29\"><figure class=\"swiper-slide-inner\"><img decoding=\"async\" class=\"swiper-slide-image\" src=\"https:\/\/amicalel2b.fr\/wp-content\/uploads\/2022\/12\/10122022-Pere-Noel-CALIXTE00005-225x300.jpg\" alt=\"10122022-Pere-No\u00ebl-CALIXTE00005\" \/><\/figure><\/div><div class=\"swiper-slide\" role=\"group\" aria-roledescription=\"slide\" aria-label=\"2 sur 29\"><figure class=\"swiper-slide-inner\"><img decoding=\"async\" class=\"swiper-slide-image\" src=\"https:\/\/amicalel2b.fr\/wp-content\/uploads\/2022\/12\/10122022-Pere-Noel-CALIXTE00004-225x300.jpg\" alt=\"10122022-Pere-No\u00ebl-CALIXTE00004\" \/><\/figure><\/div><div class=\"swiper-slide\" role=\"group\" aria-roledescription=\"slide\" aria-label=\"3 sur 29\"><figure class=\"swiper-slide-inner\"><img decoding=\"async\" class=\"swiper-slide-image\" src=\"https:\/\/amicalel2b.fr\/wp-content\/uploads\/2022\/07\/19-6-Fete-du-velo-24-300x225.jpg\" alt=\"19-6 F\u00eate du v\u00e9lo 24\" \/><\/figure><\/div><div class=\"swiper-slide\" role=\"group\" aria-roledescription=\"slide\" aria-label=\"4 sur 29\"><figure class=\"swiper-slide-inner\"><img decoding=\"async\" class=\"swiper-slide-image\" src=\"https:\/\/amicalel2b.fr\/wp-content\/uploads\/2022\/07\/21-06-CLAIRSIENNE-01-300x225.jpg\" alt=\"21-06 CLAIRSIENNE 01\" \/><\/figure><\/div><div class=\"swiper-slide\" role=\"group\" aria-roledescription=\"slide\" aria-label=\"5 sur 29\"><figure class=\"swiper-slide-inner\"><img decoding=\"async\" class=\"swiper-slide-image\" src=\"https:\/\/amicalel2b.fr\/wp-content\/uploads\/2022\/07\/21-06-CLAIRSIENNE-07-300x225.jpg\" alt=\"21-06 CLAIRSIENNE 07\" \/><\/figure><\/div><div class=\"swiper-slide\" role=\"group\" aria-roledescription=\"slide\" aria-label=\"6 sur 29\"><figure class=\"swiper-slide-inner\"><img decoding=\"async\" class=\"swiper-slide-image\" src=\"https:\/\/amicalel2b.fr\/wp-content\/uploads\/2022\/07\/Atelier-sensibilisation-06-300x225.jpg\" alt=\"Atelier sensibilisation 06\" \/><\/figure><\/div><div class=\"swiper-slide\" role=\"group\" aria-roledescription=\"slide\" aria-label=\"7 sur 29\"><figure class=\"swiper-slide-inner\"><img decoding=\"async\" class=\"swiper-slide-image\" src=\"https:\/\/amicalel2b.fr\/wp-content\/uploads\/2022\/07\/19-05-Journee-Porte-Ouverte-MDS-Gironde-16-300x225.jpg\" alt=\"19-05 Journ\u00e9e Porte Ouverte MDS Gironde 16\" \/><\/figure><\/div><div class=\"swiper-slide\" role=\"group\" aria-roledescription=\"slide\" aria-label=\"8 sur 29\"><figure class=\"swiper-slide-inner\"><img decoding=\"async\" class=\"swiper-slide-image\" src=\"https:\/\/amicalel2b.fr\/wp-content\/uploads\/2022\/07\/VCC-08-300x225.jpg\" alt=\"VCC 08\" \/><\/figure><\/div><div class=\"swiper-slide\" role=\"group\" aria-roledescription=\"slide\" aria-label=\"9 sur 29\"><figure class=\"swiper-slide-inner\"><img decoding=\"async\" class=\"swiper-slide-image\" src=\"https:\/\/amicalel2b.fr\/wp-content\/uploads\/2022\/10\/17102022-BASINGA-CHAHUTS-4-300x200.jpg\" alt=\"17102022-BASINGA-CHAHUTS - 4\" \/><\/figure><\/div><div class=\"swiper-slide\" role=\"group\" aria-roledescription=\"slide\" aria-label=\"10 sur 29\"><figure class=\"swiper-slide-inner\"><img decoding=\"async\" class=\"swiper-slide-image\" src=\"https:\/\/amicalel2b.fr\/wp-content\/uploads\/2022\/10\/17102022-BASINGA-CHAHUTS-8-300x200.jpg\" alt=\"17102022-BASINGA-CHAHUTS - 8\" \/><\/figure><\/div><div class=\"swiper-slide\" role=\"group\" aria-roledescription=\"slide\" aria-label=\"11 sur 29\"><figure class=\"swiper-slide-inner\"><img decoding=\"async\" class=\"swiper-slide-image\" src=\"https:\/\/amicalel2b.fr\/wp-content\/uploads\/2022\/12\/19062022-FETE-DU-VELO00005-300x200.jpg\" alt=\"19062022-FETE-DU-VELO00005\" \/><\/figure><\/div><div class=\"swiper-slide\" role=\"group\" aria-roledescription=\"slide\" aria-label=\"12 sur 29\"><figure class=\"swiper-slide-inner\"><img decoding=\"async\" class=\"swiper-slide-image\" src=\"https:\/\/amicalel2b.fr\/wp-content\/uploads\/2022\/12\/19052022-JPO-MDS-GIRONDE00005-300x225.jpg\" alt=\"19052022-JPO-MDS-GIRONDE00005\" \/><\/figure><\/div><div class=\"swiper-slide\" role=\"group\" aria-roledescription=\"slide\" aria-label=\"13 sur 29\"><figure class=\"swiper-slide-inner\"><img decoding=\"async\" class=\"swiper-slide-image\" src=\"https:\/\/amicalel2b.fr\/wp-content\/uploads\/2022\/12\/19052022-JPO-MDS-GIRONDE00019-300x225.jpg\" alt=\"19052022-JPO-MDS-GIRONDE00019\" \/><\/figure><\/div><div class=\"swiper-slide\" role=\"group\" aria-roledescription=\"slide\" aria-label=\"14 sur 29\"><figure class=\"swiper-slide-inner\"><img decoding=\"async\" class=\"swiper-slide-image\" src=\"https:\/\/amicalel2b.fr\/wp-content\/uploads\/2022\/12\/10062022-FETE-St-JEAN-CHAHUTS-VCC-FAB00007-300x225.jpg\" alt=\"10062022-FETE-St-JEAN-CHAHUTS-VCC-FAB00007\" \/><\/figure><\/div><div class=\"swiper-slide\" role=\"group\" aria-roledescription=\"slide\" aria-label=\"15 sur 29\"><figure class=\"swiper-slide-inner\"><img decoding=\"async\" class=\"swiper-slide-image\" src=\"https:\/\/amicalel2b.fr\/wp-content\/uploads\/2022\/12\/10062022-FETE-St-JEAN-CHAHUTS-VCC-FAB00009-300x225.jpg\" alt=\"10062022-FETE-St-JEAN-CHAHUTS-VCC-FAB00009\" \/><\/figure><\/div><div class=\"swiper-slide\" role=\"group\" aria-roledescription=\"slide\" aria-label=\"16 sur 29\"><figure class=\"swiper-slide-inner\"><img decoding=\"async\" class=\"swiper-slide-image\" src=\"https:\/\/amicalel2b.fr\/wp-content\/uploads\/2022\/12\/10062022-FETE-St-JEAN-CHAHUTS-VCC-FAB00015-300x225.jpg\" alt=\"10062022-FETE-St-JEAN-CHAHUTS-VCC-FAB00015\" \/><\/figure><\/div><div class=\"swiper-slide\" role=\"group\" aria-roledescription=\"slide\" aria-label=\"17 sur 29\"><figure class=\"swiper-slide-inner\"><img decoding=\"async\" class=\"swiper-slide-image\" src=\"https:\/\/amicalel2b.fr\/wp-content\/uploads\/2022\/12\/19062022-FETE-DU-VELO00001-300x200.jpg\" alt=\"19062022-FETE-DU-VELO00001\" \/><\/figure><\/div><div class=\"swiper-slide\" role=\"group\" aria-roledescription=\"slide\" aria-label=\"18 sur 29\"><figure class=\"swiper-slide-inner\"><img decoding=\"async\" class=\"swiper-slide-image\" src=\"https:\/\/amicalel2b.fr\/wp-content\/uploads\/2022\/12\/19062022-FETE-DU-VELO00024-300x225.jpg\" alt=\"19062022-FETE-DU-VELO00024\" \/><\/figure><\/div><div class=\"swiper-slide\" role=\"group\" aria-roledescription=\"slide\" aria-label=\"19 sur 29\"><figure class=\"swiper-slide-inner\"><img decoding=\"async\" class=\"swiper-slide-image\" src=\"https:\/\/amicalel2b.fr\/wp-content\/uploads\/2022\/12\/21062022-CLAIRSIENNE00001-300x225.jpg\" alt=\"21062022-CLAIRSIENNE00001\" \/><\/figure><\/div><div class=\"swiper-slide\" role=\"group\" aria-roledescription=\"slide\" aria-label=\"20 sur 29\"><figure class=\"swiper-slide-inner\"><img decoding=\"async\" class=\"swiper-slide-image\" src=\"https:\/\/amicalel2b.fr\/wp-content\/uploads\/2022\/12\/21062022-CLAIRSIENNE00004-300x225.jpg\" alt=\"21062022-CLAIRSIENNE00004\" \/><\/figure><\/div><div class=\"swiper-slide\" role=\"group\" aria-roledescription=\"slide\" aria-label=\"21 sur 29\"><figure class=\"swiper-slide-inner\"><img decoding=\"async\" class=\"swiper-slide-image\" src=\"https:\/\/amicalel2b.fr\/wp-content\/uploads\/2022\/12\/29062022-VCC-BastID00009-300x225.jpg\" alt=\"29062022-VCC-BastID00009\" \/><\/figure><\/div><div class=\"swiper-slide\" role=\"group\" aria-roledescription=\"slide\" aria-label=\"22 sur 29\"><figure class=\"swiper-slide-inner\"><img decoding=\"async\" class=\"swiper-slide-image\" src=\"https:\/\/amicalel2b.fr\/wp-content\/uploads\/2022\/12\/010722-EXIT-PSE2-BASTID00003-300x225.jpg\" alt=\"01:07:22-EXIT-PSE#2-BASTID00003\" \/><\/figure><\/div><div class=\"swiper-slide\" role=\"group\" aria-roledescription=\"slide\" aria-label=\"23 sur 29\"><figure class=\"swiper-slide-inner\"><img decoding=\"async\" class=\"swiper-slide-image\" src=\"https:\/\/amicalel2b.fr\/wp-content\/uploads\/2022\/12\/010722-EXIT-PSE2-BASTID00005-225x300.jpg\" alt=\"01:07:22-EXIT-PSE#2-BASTID00005\" \/><\/figure><\/div><div class=\"swiper-slide\" role=\"group\" aria-roledescription=\"slide\" aria-label=\"24 sur 29\"><figure class=\"swiper-slide-inner\"><img decoding=\"async\" class=\"swiper-slide-image\" src=\"https:\/\/amicalel2b.fr\/wp-content\/uploads\/2022\/12\/010722-EXIT-PSE2-BASTID00002-300x225.jpg\" alt=\"01:07:22-EXIT-PSE#2-BASTID00002\" \/><\/figure><\/div><div class=\"swiper-slide\" role=\"group\" aria-roledescription=\"slide\" aria-label=\"25 sur 29\"><figure class=\"swiper-slide-inner\"><img decoding=\"async\" class=\"swiper-slide-image\" src=\"https:\/\/amicalel2b.fr\/wp-content\/uploads\/2022\/12\/21072022-GUILLAUMIT-CMDO00001-225x300.jpg\" alt=\"21072022-GUILLAUMIT-CMD+O00001\" \/><\/figure><\/div><div class=\"swiper-slide\" role=\"group\" aria-roledescription=\"slide\" aria-label=\"26 sur 29\"><figure class=\"swiper-slide-inner\"><img decoding=\"async\" class=\"swiper-slide-image\" src=\"https:\/\/amicalel2b.fr\/wp-content\/uploads\/2022\/12\/21072022-GUILLAUMIT-CMDO00003-rotated-e1672390245128-297x300.jpg\" alt=\"21072022-GUILLAUMIT-CMD+O00003\" \/><\/figure><\/div><div class=\"swiper-slide\" role=\"group\" aria-roledescription=\"slide\" aria-label=\"27 sur 29\"><figure class=\"swiper-slide-inner\"><img decoding=\"async\" class=\"swiper-slide-image\" src=\"https:\/\/amicalel2b.fr\/wp-content\/uploads\/2022\/12\/16092022-CABB-EXIT-BASTID-00007-300x225.jpg\" alt=\"16092022-CABB-EXIT-BASTID 00007\" \/><\/figure><\/div><div class=\"swiper-slide\" role=\"group\" aria-roledescription=\"slide\" aria-label=\"28 sur 29\"><figure class=\"swiper-slide-inner\"><img decoding=\"async\" class=\"swiper-slide-image\" src=\"https:\/\/amicalel2b.fr\/wp-content\/uploads\/2022\/12\/16092022-CABB-EXIT-BASTID-00009-300x225.jpg\" alt=\"16092022-CABB-EXIT-BASTID 00009\" \/><\/figure><\/div><div class=\"swiper-slide\" role=\"group\" aria-roledescription=\"slide\" aria-label=\"29 sur 29\"><figure class=\"swiper-slide-inner\"><img decoding=\"async\" class=\"swiper-slide-image\" src=\"https:\/\/amicalel2b.fr\/wp-content\/uploads\/2022\/12\/16092022-CABB-EXIT-BASTID-00013-225x300.jpg\" alt=\"16092022-CABB-EXIT-BASTID 00013\" \/><\/figure><\/div>\t\t\t<\/div>\n\t\t\t\t\t\t\t\t\t\t\t\t<div class=\"elementor-swiper-button elementor-swiper-button-prev\" role=\"button\" tabindex=\"0\">\n\t\t\t\t\t\t<i aria-hidden=\"true\" class=\"eicon-chevron-left\"><\/i>\t\t\t\t\t<\/div>\n\t\t\t\t\t<div class=\"elementor-swiper-button elementor-swiper-button-next\" role=\"button\" tabindex=\"0\">\n\t\t\t\t\t\t<i aria-hidden=\"true\" class=\"eicon-chevron-right\"><\/i>\t\t\t\t\t<\/div>\n\t\t\t\t\n\t\t\t\t\t\t\t\t\t<div class=\"swiper-pagination\"><\/div>\n\t\t\t\t\t\t\t\t\t<\/div>\n\t\t\t\t\t\t<\/div>\n\t\t\t\t<\/div>\n\t\t\t\t\t<\/div>\n\t\t<\/div>\n\t\t\t\t\t<\/div>\n\t\t<\/section>\n\t\t\t\t<\/div>\n\t\t","protected":false},"excerpt":{"rendered":"<p>AL2B \u00c9v\u00e8nement \u00e9cole et quartier Retour vers Activit\u00e9s Ramassage scolaire C\u00e9leste Pr\u00e9c\u00e9dent Suivant<\/p>\n","protected":false},"author":1,"featured_media":0,"parent":0,"menu_order":15,"comment_status":"closed","ping_status":"closed","template":"elementor_header_footer","meta":{"_acf_changed":false,"om_disable_all_campaigns":false,"_monsterinsights_skip_tracking":false,"_monsterinsights_sitenote_active":false,"_monsterinsights_sitenote_note":"","_monsterinsights_sitenote_category":0,"footnotes":""},"class_list":["post-39","page","type-page","status-publish","hentry"],"acf":[],"aioseo_notices":[],"_links":{"self":[{"href":"https:\/\/amicalel2b.fr\/index.php\/wp-json\/wp\/v2\/pages\/39","targetHints":{"allow":["GET"]}}],"collection":[{"href":"https:\/\/amicalel2b.fr\/index.php\/wp-json\/wp\/v2\/pages"}],"about":[{"href":"https:\/\/amicalel2b.fr\/index.php\/wp-json\/wp\/v2\/types\/page"}],"author":[{"embeddable":true,"href":"https:\/\/amicalel2b.fr\/index.php\/wp-json\/wp\/v2\/users\/1"}],"replies":[{"embeddable":true,"href":"https:\/\/amicalel2b.fr\/index.php\/wp-json\/wp\/v2\/comments?post=39"}],"version-history":[{"count":91,"href":"https:\/\/amicalel2b.fr\/index.php\/wp-json\/wp\/v2\/pages\/39\/revisions"}],"predecessor-version":[{"id":2254,"href":"https:\/\/amicalel2b.fr\/index.php\/wp-json\/wp\/v2\/pages\/39\/revisions\/2254"}],"wp:attachment":[{"href":"https:\/\/amicalel2b.fr\/index.php\/wp-json\/wp\/v2\/media?parent=39"}],"curies":[{"name":"wp","href":"https:\/\/api.w.org\/{rel}","templated":true}]}}